{"id":22910,"date":"2013-05-19T15:45:26","date_gmt":"2013-05-19T14:45:26","guid":{"rendered":"http:\/\/localhost\/vikat-ekinox\/?page_id=22910"},"modified":"2019-02-09T10:05:12","modified_gmt":"2019-02-09T09:05:12","slug":"contact-plan-dacces","status":"publish","type":"page","link":"https:\/\/www.vikat-ekinox.com\/en\/access\/","title":{"rendered":"Access"},"content":{"rendered":"<p>VIKAT-EKINOX SA is located in Wormhout, in the north of France and heart of Flanders.<br \/>\nCloseness to Belgium, Lille-Lesquin international Airport, railway stations in Lille or Dunkerque.<\/p>\n<p><iframe style=\"border: 0; width: 100%; height: 450px;\" src=\"https:\/\/www.google.com\/maps\/embed?pb=!1m14!1m8!1m3!1d10076.316748440804!2d2.4788711422973653!3d50.84821787283241!3m2!1i1024!2i768!4f13.1!3m3!1m2!1s0x0%3A0x34a65be8fb28fc53!2sVIKAT+EKINOX!5e0!3m2!1sfr!2sfr!4v1549702888596\" height=\"450\" frameborder=\"0\" allowfullscreen=\"allowfullscreen\"><\/iframe><\/p>\n<h2>Coordonn\u00e9es :<\/h2>\n<p><strong>VIKAT &#8211; EKINOX<\/strong><br \/>\nChemin du Potters Straete<br \/>\n59470 WORMHOUT<br \/>\nFRANCE<\/p>\n<p>T\u00e9l\u00e9phone : 03 28 33 94 44<br \/>\nFax : 03 28 43 85 71<\/p>","protected":false},"excerpt":{"rendered":"<p>VIKAT-EKINOX SA is located in Wormhout, in the north of France and heart of Flanders. Closeness to Belgium, Lille-Lesquin international Airport, railway stations in Lille or Dunkerque. Coordonn\u00e9es : VIKAT &#8211; EKINOX Chemin du Potters Straete 59470 WORMHOUT FRANCE T\u00e9l\u00e9phone : 03 28 33 94 44 Fax : 03 28 43 85 71<\/p>\n","protected":false},"author":3,"featured_media":0,"parent":0,"menu_order":999,"comment_status":"closed","ping_status":"closed","template":"","meta":{"_acf_changed":false,"footnotes":""},"class_list":["post-22910","page","type-page","status-publish","hentry","odd"],"acf":[],"yoast_head":"<!-- This site is optimized with the Yoast SEO plugin v25.5 - https:\/\/yoast.com\/wordpress\/plugins\/seo\/ -->\n<title>Access | Vikat Ekinox<\/title>\n<meta name=\"description\" content=\"Les soci\u00e9t\u00e9s VIKAT \u2013 EKINOX se sont associ\u00e9es sur une plate-forme unique au c\u0153ur des Flandres. De nombreux mat\u00e9riels en stock, imm\u00e9diatement disponibles\" \/>\n<meta name=\"robots\" content=\"index, follow, max-snippet:-1, max-image-preview:large, max-video-preview:-1\" \/>\n<link rel=\"canonical\" href=\"https:\/\/www.vikat-ekinox.com\/en\/access\/\" \/>\n<meta property=\"og:locale\" content=\"en_US\" \/>\n<meta property=\"og:type\" content=\"article\" \/>\n<meta property=\"og:title\" content=\"[:fr]Plan d&#039;acc\u00e8s[:en]Access[:] | Vikat Ekinox\" \/>\n<meta property=\"og:description\" content=\"Les soci\u00e9t\u00e9s VIKAT \u2013 EKINOX se sont associ\u00e9es sur une plate-forme unique au c\u0153ur des Flandres. De nombreux mat\u00e9riels en stock, imm\u00e9diatement disponibles\" \/>\n<meta property=\"og:url\" content=\"https:\/\/www.vikat-ekinox.com\/en\/access\/\" \/>\n<meta property=\"og:site_name\" content=\"Vikat Ekinox\" \/>\n<meta property=\"article:modified_time\" content=\"2019-02-09T09:05:12+00:00\" \/>\n<script type=\"application\/ld+json\" class=\"yoast-schema-graph\">{\"@context\":\"https:\/\/schema.org\",\"@graph\":[{\"@type\":\"WebPage\",\"@id\":\"https:\/\/www.vikat-ekinox.com\/en\/access\/\",\"url\":\"https:\/\/www.vikat-ekinox.com\/en\/access\/\",\"name\":\"[:fr]Plan d'acc\u00e8s[:en]Access[:] | Vikat Ekinox\",\"isPartOf\":{\"@id\":\"https:\/\/www.vikat-ekinox.com\/#website\"},\"datePublished\":\"2013-05-19T14:45:26+00:00\",\"dateModified\":\"2019-02-09T09:05:12+00:00\",\"description\":\"Les soci\u00e9t\u00e9s VIKAT \u2013 EKINOX se sont associ\u00e9es sur une plate-forme unique au c\u0153ur des Flandres. De nombreux mat\u00e9riels en stock, imm\u00e9diatement disponibles\",\"breadcrumb\":{\"@id\":\"https:\/\/www.vikat-ekinox.com\/en\/access\/#breadcrumb\"},\"inLanguage\":\"en-US\",\"potentialAction\":[{\"@type\":\"ReadAction\",\"target\":[\"https:\/\/www.vikat-ekinox.com\/en\/access\/\"]}]},{\"@type\":\"BreadcrumbList\",\"@id\":\"https:\/\/www.vikat-ekinox.com\/en\/access\/#breadcrumb\",\"itemListElement\":[{\"@type\":\"ListItem\",\"position\":1,\"name\":\"Accueil\",\"item\":\"https:\/\/www.vikat-ekinox.com\/\"},{\"@type\":\"ListItem\",\"position\":2,\"name\":\"Access\"}]},{\"@type\":\"WebSite\",\"@id\":\"https:\/\/www.vikat-ekinox.com\/#website\",\"url\":\"https:\/\/www.vikat-ekinox.com\/\",\"name\":\"Vikat Ekinox\",\"description\":\"Mat\u00e9riel industriel d&#039;occasion\",\"publisher\":{\"@id\":\"https:\/\/www.vikat-ekinox.com\/#organization\"},\"potentialAction\":[{\"@type\":\"SearchAction\",\"target\":{\"@type\":\"EntryPoint\",\"urlTemplate\":\"https:\/\/www.vikat-ekinox.com\/?s={search_term_string}\"},\"query-input\":{\"@type\":\"PropertyValueSpecification\",\"valueRequired\":true,\"valueName\":\"search_term_string\"}}],\"inLanguage\":\"en-US\"},{\"@type\":\"Organization\",\"@id\":\"https:\/\/www.vikat-ekinox.com\/#organization\",\"name\":\"Vikat Ekinox\",\"url\":\"https:\/\/www.vikat-ekinox.com\/\",\"logo\":{\"@type\":\"ImageObject\",\"inLanguage\":\"en-US\",\"@id\":\"https:\/\/www.vikat-ekinox.com\/#\/schema\/logo\/image\/\",\"url\":\"https:\/\/www.vikat-ekinox.com\/wp-content\/uploads\/2016\/10\/logo.png\",\"contentUrl\":\"https:\/\/www.vikat-ekinox.com\/wp-content\/uploads\/2016\/10\/logo.png\",\"width\":300,\"height\":24,\"caption\":\"Vikat Ekinox\"},\"image\":{\"@id\":\"https:\/\/www.vikat-ekinox.com\/#\/schema\/logo\/image\/\"}}]}<\/script>\n<!-- \/ Yoast SEO plugin. -->","yoast_head_json":{"title":"Access | Vikat Ekinox","description":"Les soci\u00e9t\u00e9s VIKAT \u2013 EKINOX se sont associ\u00e9es sur une plate-forme unique au c\u0153ur des Flandres. De nombreux mat\u00e9riels en stock, imm\u00e9diatement disponibles","robots":{"index":"index","follow":"follow","max-snippet":"max-snippet:-1","max-image-preview":"max-image-preview:large","max-video-preview":"max-video-preview:-1"},"canonical":"https:\/\/www.vikat-ekinox.com\/en\/access\/","og_locale":"en_US","og_type":"article","og_title":"[:fr]Plan d'acc\u00e8s[:en]Access[:] | Vikat Ekinox","og_description":"Les soci\u00e9t\u00e9s VIKAT \u2013 EKINOX se sont associ\u00e9es sur une plate-forme unique au c\u0153ur des Flandres. De nombreux mat\u00e9riels en stock, imm\u00e9diatement disponibles","og_url":"https:\/\/www.vikat-ekinox.com\/en\/access\/","og_site_name":"Vikat Ekinox","article_modified_time":"2019-02-09T09:05:12+00:00","schema":{"@context":"https:\/\/schema.org","@graph":[{"@type":"WebPage","@id":"https:\/\/www.vikat-ekinox.com\/en\/access\/","url":"https:\/\/www.vikat-ekinox.com\/en\/access\/","name":"[:fr]Plan d'acc\u00e8s[:en]Access[:] | Vikat Ekinox","isPartOf":{"@id":"https:\/\/www.vikat-ekinox.com\/#website"},"datePublished":"2013-05-19T14:45:26+00:00","dateModified":"2019-02-09T09:05:12+00:00","description":"Les soci\u00e9t\u00e9s VIKAT \u2013 EKINOX se sont associ\u00e9es sur une plate-forme unique au c\u0153ur des Flandres. De nombreux mat\u00e9riels en stock, imm\u00e9diatement disponibles","breadcrumb":{"@id":"https:\/\/www.vikat-ekinox.com\/en\/access\/#breadcrumb"},"inLanguage":"en-US","potentialAction":[{"@type":"ReadAction","target":["https:\/\/www.vikat-ekinox.com\/en\/access\/"]}]},{"@type":"BreadcrumbList","@id":"https:\/\/www.vikat-ekinox.com\/en\/access\/#breadcrumb","itemListElement":[{"@type":"ListItem","position":1,"name":"Accueil","item":"https:\/\/www.vikat-ekinox.com\/"},{"@type":"ListItem","position":2,"name":"Access"}]},{"@type":"WebSite","@id":"https:\/\/www.vikat-ekinox.com\/#website","url":"https:\/\/www.vikat-ekinox.com\/","name":"Vikat Ekinox","description":"Mat\u00e9riel industriel d&#039;occasion","publisher":{"@id":"https:\/\/www.vikat-ekinox.com\/#organization"},"potentialAction":[{"@type":"SearchAction","target":{"@type":"EntryPoint","urlTemplate":"https:\/\/www.vikat-ekinox.com\/?s={search_term_string}"},"query-input":{"@type":"PropertyValueSpecification","valueRequired":true,"valueName":"search_term_string"}}],"inLanguage":"en-US"},{"@type":"Organization","@id":"https:\/\/www.vikat-ekinox.com\/#organization","name":"Vikat Ekinox","url":"https:\/\/www.vikat-ekinox.com\/","logo":{"@type":"ImageObject","inLanguage":"en-US","@id":"https:\/\/www.vikat-ekinox.com\/#\/schema\/logo\/image\/","url":"https:\/\/www.vikat-ekinox.com\/wp-content\/uploads\/2016\/10\/logo.png","contentUrl":"https:\/\/www.vikat-ekinox.com\/wp-content\/uploads\/2016\/10\/logo.png","width":300,"height":24,"caption":"Vikat Ekinox"},"image":{"@id":"https:\/\/www.vikat-ekinox.com\/#\/schema\/logo\/image\/"}}]}},"_links":{"self":[{"href":"https:\/\/www.vikat-ekinox.com\/en\/wp-json\/wp\/v2\/pages\/22910"}],"collection":[{"href":"https:\/\/www.vikat-ekinox.com\/en\/wp-json\/wp\/v2\/pages"}],"about":[{"href":"https:\/\/www.vikat-ekinox.com\/en\/wp-json\/wp\/v2\/types\/page"}],"author":[{"embeddable":true,"href":"https:\/\/www.vikat-ekinox.com\/en\/wp-json\/wp\/v2\/users\/3"}],"replies":[{"embeddable":true,"href":"https:\/\/www.vikat-ekinox.com\/en\/wp-json\/wp\/v2\/comments?post=22910"}],"version-history":[{"count":0,"href":"https:\/\/www.vikat-ekinox.com\/en\/wp-json\/wp\/v2\/pages\/22910\/revisions"}],"wp:attachment":[{"href":"https:\/\/www.vikat-ekinox.com\/en\/wp-json\/wp\/v2\/media?parent=22910"}],"curies":[{"name":"wp","href":"https:\/\/api.w.org\/{rel}","templated":true}]}}